{"id":100,"date":"2026-03-24T19:33:03","date_gmt":"2026-03-24T19:33:03","guid":{"rendered":"https:\/\/kupujepapugi.pl\/?page_id=100"},"modified":"2026-03-24T19:33:03","modified_gmt":"2026-03-24T19:33:03","slug":"papugi-faliste","status":"publish","type":"page","link":"https:\/\/kupujepapugi.pl\/index.php\/papugi-faliste\/","title":{"rendered":"Papugi faliste"},"content":{"rendered":"\n<p>Papugi faliste to jedne z najpopularniejszych ptak\u00f3w domowych na \u015bwiecie. S\u0105 niewielkie, kolorowe i stosunkowo \u0142atwe w hodowli, co sprawia, \u017ce cz\u0119sto wybierane s\u0105 zar\u00f3wno przez pocz\u0105tkuj\u0105cych, jak i bardziej do\u015bwiadczonych mi\u0142o\u015bnik\u00f3w ptak\u00f3w. Naturalnie wyst\u0119puj\u0105 w Australii, gdzie \u017cyj\u0105 w du\u017cych stadach na otwartych terenach.<\/p>\n\n\n\n<p>Charakterystyczn\u0105 cech\u0105 papug falistych jest ich \u017cywe usposobienie i towarzysko\u015b\u0107. Szybko przyzwyczajaj\u0105 si\u0119 do obecno\u015bci cz\u0142owieka, a przy odpowiedniej cierpliwo\u015bci mog\u0105 si\u0119 oswoi\u0107, a nawet nauczy\u0107 na\u015bladowania d\u017awi\u0119k\u00f3w czy prostych s\u0142\u00f3w. Najlepiej czuj\u0105 si\u0119 w parach lub ma\u0142ych grupach, poniewa\u017c s\u0105 to ptaki stadne.<\/p>\n\n\n\n<p>W hodowli wa\u017cne jest zapewnienie im odpowiedniej klatki \u2013 powinna by\u0107 na tyle du\u017ca, aby ptak m\u00f3g\u0142 swobodnie lata\u0107 i si\u0119 porusza\u0107. Istotna jest tak\u017ce dieta, kt\u00f3ra powinna sk\u0142ada\u0107 si\u0119 z wysokiej jako\u015bci mieszanki ziaren, \u015bwie\u017cych warzyw, owoc\u00f3w oraz sta\u0142ego dost\u0119pu do czystej wody. Nie mo\u017cna zapomina\u0107 o zabawkach i elementach do wspinania, kt\u00f3re zapobiegaj\u0105 nudzie i wspieraj\u0105 aktywno\u015b\u0107 fizyczn\u0105.<\/p>\n\n\n\n<p>Papugi faliste s\u0105 stosunkowo odporne, jednak wymagaj\u0105 regularnej opieki i obserwacji. Odpowiednie warunki \u017cycia, zbilansowana dieta oraz kontakt z opiekunem sprawiaj\u0105, \u017ce mog\u0105 \u017cy\u0107 nawet kilkana\u015bcie lat, b\u0119d\u0105c wspania\u0142ymi i radosnymi towarzyszami na co dzie\u0144.<\/p>\n","protected":false},"excerpt":{"rendered":"<p>Papugi faliste to jedne z najpopularniejszych ptak\u00f3w domowych na \u015bwiecie. S\u0105 niewielkie, kolorowe i stosunkowo \u0142atwe w hodowli, co sprawia, \u017ce cz\u0119sto wybierane s\u0105 zar\u00f3wno przez pocz\u0105tkuj\u0105cych, jak i bardziej do\u015bwiadczonych mi\u0142o\u015bnik\u00f3w ptak\u00f3w. Naturalnie wyst\u0119puj\u0105 w Australii, gdzie \u017cyj\u0105 w du\u017cych stadach na otwartych terenach. Charakterystyczn\u0105 cech\u0105 papug falistych jest ich \u017cywe usposobienie i towarzysko\u015b\u0107. &hellip; <a href=\"https:\/\/kupujepapugi.pl\/index.php\/papugi-faliste\/\" class=\"more-link\">Czytaj dalej <span class=\"screen-reader-text\">Papugi faliste<\/span> <span class=\"meta-nav\">&rarr;<\/span><\/a><\/p>\n","protected":false},"author":2,"featured_media":0,"parent":0,"menu_order":0,"comment_status":"closed","ping_status":"closed","template":"","meta":{"_monsterinsights_skip_tracking":false,"_monsterinsights_sitenote_active":false,"_monsterinsights_sitenote_note":"","_monsterinsights_sitenote_category":0,"footnotes":""},"class_list":["post-100","page","type-page","status-publish","hentry"],"aioseo_notices":[],"jetpack_sharing_enabled":true,"_links":{"self":[{"href":"https:\/\/kupujepapugi.pl\/index.php\/wp-json\/wp\/v2\/pages\/100","targetHints":{"allow":["GET"]}}],"collection":[{"href":"https:\/\/kupujepapugi.pl\/index.php\/wp-json\/wp\/v2\/pages"}],"about":[{"href":"https:\/\/kupujepapugi.pl\/index.php\/wp-json\/wp\/v2\/types\/page"}],"author":[{"embeddable":true,"href":"https:\/\/kupujepapugi.pl\/index.php\/wp-json\/wp\/v2\/users\/2"}],"replies":[{"embeddable":true,"href":"https:\/\/kupujepapugi.pl\/index.php\/wp-json\/wp\/v2\/comments?post=100"}],"version-history":[{"count":1,"href":"https:\/\/kupujepapugi.pl\/index.php\/wp-json\/wp\/v2\/pages\/100\/revisions"}],"predecessor-version":[{"id":101,"href":"https:\/\/kupujepapugi.pl\/index.php\/wp-json\/wp\/v2\/pages\/100\/revisions\/101"}],"wp:attachment":[{"href":"https:\/\/kupujepapugi.pl\/index.php\/wp-json\/wp\/v2\/media?parent=100"}],"curies":[{"name":"wp","href":"https:\/\/api.w.org\/{rel}","templated":true}]}}