{"id":103,"date":"2026-03-24T19:36:05","date_gmt":"2026-03-24T19:36:05","guid":{"rendered":"https:\/\/kupujepapugi.pl\/?page_id=103"},"modified":"2026-03-24T19:36:05","modified_gmt":"2026-03-24T19:36:05","slug":"rozella-bialolica","status":"publish","type":"page","link":"https:\/\/kupujepapugi.pl\/index.php\/rozella-bialolica\/","title":{"rendered":"Rozella Bia\u0142olica"},"content":{"rendered":"\n<p>Rozella bia\u0142olica to jedna z najpi\u0119kniejszych i najbardziej efektownych papug ozdobnych. Wyr\u00f3\u017cnia si\u0119 intensywnym, wielobarwnym upierzeniem \u2013 po\u0142\u0105czeniem czerwieni, \u017c\u00f3\u0142ci, niebieskiego i czerni \u2013 oraz charakterystycznymi jasnymi policzkami, od kt\u00f3rych pochodzi jej nazwa. Naturalnie wyst\u0119puje w Australii, gdzie zamieszkuje otwarte lasy, sawanny oraz tereny rolnicze.<\/p>\n\n\n\n<p>Ptaki te s\u0105 spokojniejsze ni\u017c wiele innych papug, ale jednocze\u015bnie do\u015b\u0107 niezale\u017cne. Nie zawsze tak ch\u0119tnie si\u0119 oswajaj\u0105 jak np. papugi faliste, jednak przy cierpliwo\u015bci i regularnym kontakcie mog\u0105 przyzwyczai\u0107 si\u0119 do opiekuna. Rozelle najlepiej czuj\u0105 si\u0119 w przestronnych wolierach, gdzie maj\u0105 du\u017co miejsca do latania \u2013 nie s\u0105 to ptaki typowo klatkowe.<\/p>\n\n\n\n<p>Ich dieta powinna by\u0107 urozmaicona i bogata w r\u00f3\u017cne nasiona, \u015bwie\u017ce warzywa, owoce oraz zielenin\u0119. Warto r\u00f3wnie\u017c podawa\u0107 specjalistyczne mieszanki dla papug \u015brednich oraz dba\u0107 o dost\u0119p do \u015bwie\u017cej wody. Ze wzgl\u0119du na swoj\u0105 aktywno\u015b\u0107 potrzebuj\u0105 tak\u017ce ga\u0142\u0119zi, zabawek i element\u00f3w do wspinania.<\/p>\n\n\n\n<p>Rozella bia\u0142olica to doskona\u0142y wyb\u00f3r dla os\u00f3b, kt\u00f3re maj\u0105 ju\u017c pewne do\u015bwiadczenie w hodowli ptak\u00f3w i mog\u0105 zapewni\u0107 im odpowiednie warunki. Przy w\u0142a\u015bciwej opiece ptaki te odwdzi\u0119czaj\u0105 si\u0119 pi\u0119knym wygl\u0105dem i ciekawym zachowaniem, staj\u0105c si\u0119 prawdziw\u0105 ozdob\u0105 ka\u017cdej hodowli.<\/p>\n","protected":false},"excerpt":{"rendered":"<p>Rozella bia\u0142olica to jedna z najpi\u0119kniejszych i najbardziej efektownych papug ozdobnych. Wyr\u00f3\u017cnia si\u0119 intensywnym, wielobarwnym upierzeniem \u2013 po\u0142\u0105czeniem czerwieni, \u017c\u00f3\u0142ci, niebieskiego i czerni \u2013 oraz charakterystycznymi jasnymi policzkami, od kt\u00f3rych pochodzi jej nazwa. Naturalnie wyst\u0119puje w Australii, gdzie zamieszkuje otwarte lasy, sawanny oraz tereny rolnicze. Ptaki te s\u0105 spokojniejsze ni\u017c wiele innych papug, ale jednocze\u015bnie &hellip; <a href=\"https:\/\/kupujepapugi.pl\/index.php\/rozella-bialolica\/\" class=\"more-link\">Czytaj dalej <span class=\"screen-reader-text\">Rozella Bia\u0142olica<\/span> <span class=\"meta-nav\">&rarr;<\/span><\/a><\/p>\n","protected":false},"author":2,"featured_media":0,"parent":0,"menu_order":0,"comment_status":"closed","ping_status":"closed","template":"","meta":{"_monsterinsights_skip_tracking":false,"_monsterinsights_sitenote_active":false,"_monsterinsights_sitenote_note":"","_monsterinsights_sitenote_category":0,"footnotes":""},"class_list":["post-103","page","type-page","status-publish","hentry"],"aioseo_notices":[],"jetpack_sharing_enabled":true,"_links":{"self":[{"href":"https:\/\/kupujepapugi.pl\/index.php\/wp-json\/wp\/v2\/pages\/103","targetHints":{"allow":["GET"]}}],"collection":[{"href":"https:\/\/kupujepapugi.pl\/index.php\/wp-json\/wp\/v2\/pages"}],"about":[{"href":"https:\/\/kupujepapugi.pl\/index.php\/wp-json\/wp\/v2\/types\/page"}],"author":[{"embeddable":true,"href":"https:\/\/kupujepapugi.pl\/index.php\/wp-json\/wp\/v2\/users\/2"}],"replies":[{"embeddable":true,"href":"https:\/\/kupujepapugi.pl\/index.php\/wp-json\/wp\/v2\/comments?post=103"}],"version-history":[{"count":1,"href":"https:\/\/kupujepapugi.pl\/index.php\/wp-json\/wp\/v2\/pages\/103\/revisions"}],"predecessor-version":[{"id":104,"href":"https:\/\/kupujepapugi.pl\/index.php\/wp-json\/wp\/v2\/pages\/103\/revisions\/104"}],"wp:attachment":[{"href":"https:\/\/kupujepapugi.pl\/index.php\/wp-json\/wp\/v2\/media?parent=103"}],"curies":[{"name":"wp","href":"https:\/\/api.w.org\/{rel}","templated":true}]}}