{"id":2,"date":"2026-03-16T13:08:59","date_gmt":"2026-03-16T13:08:59","guid":{"rendered":"http:\/\/serwer429348.lh.pl\/autoinstalator\/serwer429348.lh.pl\/wordpress155144\/?page_id=2"},"modified":"2026-03-24T19:09:31","modified_gmt":"2026-03-24T19:09:31","slug":"mewki-japonskie","status":"publish","type":"page","link":"https:\/\/kupujepapugi.pl\/index.php\/mewki-japonskie\/","title":{"rendered":"mewki japo\u0144skie"},"content":{"rendered":"\n<p><strong>Mewki japo\u0144skie \u2013 urocze i towarzyskie ptaki domowe<\/strong><\/p>\n\n\n\n<p>Mewki japo\u0144skie, znane r\u00f3wnie\u017c jako ry\u017cowce japo\u0144skie, to jedne z najpopularniejszych ptak\u00f3w hodowlanych na \u015bwiecie. Cho\u0107 ich nazwa sugeruje dzikie pochodzenie, w rzeczywisto\u015bci s\u0105 to ptaki ca\u0142kowicie udomowione \u2013 nie wyst\u0119puj\u0105 naturalnie w przyrodzie. Powsta\u0142y w wyniku krzy\u017cowania r\u00f3\u017cnych gatunk\u00f3w ptak\u00f3w z rodziny astryldowatych i od wiek\u00f3w towarzysz\u0105 cz\u0142owiekowi.<\/p>\n\n\n\n<p>Ich najwi\u0119kszym atutem jest spokojny, \u0142agodny charakter. Mewki japo\u0144skie s\u0105 niezwykle towarzyskie \u2013 dobrze czuj\u0105 si\u0119 w parach lub wi\u0119kszych grupach i rzadko wykazuj\u0105 agresj\u0119 wobec innych ptak\u00f3w. Dzi\u0119ki temu \u015bwietnie sprawdzaj\u0105 si\u0119 zar\u00f3wno dla pocz\u0105tkuj\u0105cych hodowc\u00f3w, jak i dla bardziej do\u015bwiadczonych mi\u0142o\u015bnik\u00f3w ptak\u00f3w egzotycznych.<\/p>\n\n\n\n<p>Pod wzgl\u0119dem wygl\u0105du mewki s\u0105 stosunkowo niepozorne, ale maj\u0105 sw\u00f3j urok. Wyst\u0119puj\u0105 w wielu odmianach barwnych \u2013 od klasycznych br\u0105zowo-bia\u0142ych po bardziej kontrastowe i jasne warianty. Ich niewielkie rozmiary oraz delikatna sylwetka sprawiaj\u0105, \u017ce doskonale nadaj\u0105 si\u0119 do hodowli w klatkach i wolierach.<\/p>\n\n\n\n<p>Jedn\u0105 z najbardziej fascynuj\u0105cych cech mewek japo\u0144skich jest ich instynkt opieku\u0144czy. S\u0105 znane z tego, \u017ce potrafi\u0105 wysiadywa\u0107 i wychowywa\u0107 piskl\u0119ta innych gatunk\u00f3w ptak\u00f3w, co czyni je wyj\u0105tkowymi \u201erodzicami zast\u0119pczymi\u201d w hodowlach. Z tego powodu cz\u0119sto wykorzystywane s\u0105 przez hodowc\u00f3w do odchowu bardziej wymagaj\u0105cych gatunk\u00f3w.<\/p>\n\n\n\n<p>Ich \u015bpiew jest delikatny i przyjemny dla ucha \u2013 to raczej ciche \u0107wierkanie ni\u017c dono\u015bne trele. Dzi\u0119ki temu dobrze sprawdzaj\u0105 si\u0119 jako ptaki domowe, nie powoduj\u0105c nadmiernego ha\u0142asu.<\/p>\n\n\n\n<p>Opieka nad mewkami japo\u0144skimi nie jest skomplikowana, ale wymaga regularno\u015bci. Podstaw\u0105 jest zbilansowana dieta oparta na mieszankach ziaren, dost\u0119p do \u015bwie\u017cej wody oraz odpowiednia przestrze\u0144 do lotu. Warto r\u00f3wnie\u017c zapewni\u0107 im elementy do budowy gniazda oraz towarzystwo innych osobnik\u00f3w \u2013 samotno\u015b\u0107 zdecydowanie im nie s\u0142u\u017cy.<\/p>\n\n\n\n<p>Mewki japo\u0144skie to idealny przyk\u0142ad na to, \u017ce nawet niewielkie ptaki mog\u0105 wnie\u015b\u0107 do domu du\u017co \u017cycia, spokoju i rado\u015bci. Ich \u0142agodna natura i spo\u0142eczne zachowania sprawiaj\u0105, \u017ce szybko staj\u0105 si\u0119 ulubie\u0144cami domownik\u00f3w.<\/p>\n","protected":false},"excerpt":{"rendered":"<p>Mewki japo\u0144skie \u2013 urocze i towarzyskie ptaki domowe Mewki japo\u0144skie, znane r\u00f3wnie\u017c jako ry\u017cowce japo\u0144skie, to jedne z najpopularniejszych ptak\u00f3w hodowlanych na \u015bwiecie. Cho\u0107 ich nazwa sugeruje dzikie pochodzenie, w rzeczywisto\u015bci s\u0105 to ptaki ca\u0142kowicie udomowione \u2013 nie wyst\u0119puj\u0105 naturalnie w przyrodzie. Powsta\u0142y w wyniku krzy\u017cowania r\u00f3\u017cnych gatunk\u00f3w ptak\u00f3w z rodziny astryldowatych i od wiek\u00f3w &hellip; <a href=\"https:\/\/kupujepapugi.pl\/index.php\/mewki-japonskie\/\" class=\"more-link\">Czytaj dalej <span class=\"screen-reader-text\">mewki japo\u0144skie<\/span> <span class=\"meta-nav\">&rarr;<\/span><\/a><\/p>\n","protected":false},"author":1,"featured_media":0,"parent":0,"menu_order":8,"comment_status":"closed","ping_status":"closed","template":"","meta":{"_monsterinsights_skip_tracking":false,"_monsterinsights_sitenote_active":false,"_monsterinsights_sitenote_note":"","_monsterinsights_sitenote_category":0,"footnotes":""},"class_list":["post-2","page","type-page","status-publish","hentry"],"aioseo_notices":[],"jetpack_sharing_enabled":true,"_links":{"self":[{"href":"https:\/\/kupujepapugi.pl\/index.php\/wp-json\/wp\/v2\/pages\/2","targetHints":{"allow":["GET"]}}],"collection":[{"href":"https:\/\/kupujepapugi.pl\/index.php\/wp-json\/wp\/v2\/pages"}],"about":[{"href":"https:\/\/kupujepapugi.pl\/index.php\/wp-json\/wp\/v2\/types\/page"}],"author":[{"embeddable":true,"href":"https:\/\/kupujepapugi.pl\/index.php\/wp-json\/wp\/v2\/users\/1"}],"replies":[{"embeddable":true,"href":"https:\/\/kupujepapugi.pl\/index.php\/wp-json\/wp\/v2\/comments?post=2"}],"version-history":[{"count":4,"href":"https:\/\/kupujepapugi.pl\/index.php\/wp-json\/wp\/v2\/pages\/2\/revisions"}],"predecessor-version":[{"id":94,"href":"https:\/\/kupujepapugi.pl\/index.php\/wp-json\/wp\/v2\/pages\/2\/revisions\/94"}],"wp:attachment":[{"href":"https:\/\/kupujepapugi.pl\/index.php\/wp-json\/wp\/v2\/media?parent=2"}],"curies":[{"name":"wp","href":"https:\/\/api.w.org\/{rel}","templated":true}]}}