{"id":40,"date":"2026-03-18T14:00:47","date_gmt":"2026-03-18T14:00:47","guid":{"rendered":"https:\/\/serwer429348.lh.pl\/autoinstalator\/serwer429348.lh.pl\/wordpress155144\/?page_id=40"},"modified":"2026-03-24T19:10:05","modified_gmt":"2026-03-24T19:10:05","slug":"kanarki","status":"publish","type":"page","link":"https:\/\/kupujepapugi.pl\/index.php\/kanarki\/","title":{"rendered":"Kanarki"},"content":{"rendered":"\n<p><strong>Kanarki \u2013 mali \u015bpiewacy o wielkim uroku<\/strong><\/p>\n\n\n\n<p>Kanarki od wiek\u00f3w zachwycaj\u0105 ludzi swoim \u015bpiewem i barwnym upierzeniem. Te niewielkie ptaki, pochodz\u0105ce z Wysp Kanaryjskich, szybko zdoby\u0142y popularno\u015b\u0107 w Europie i sta\u0142y si\u0119 jednymi z najcz\u0119\u015bciej hodowanych ptak\u00f3w domowych. Ich nazwa wcale nie jest przypadkowa \u2013 bezpo\u015brednio nawi\u0105zuje do miejsca ich naturalnego wyst\u0119powania.<\/p>\n\n\n\n<p>Najwi\u0119kszym atutem kanark\u00f3w jest bez w\u0105tpienia ich \u015bpiew. Szczeg\u00f3lnie samce potrafi\u0105 wydawa\u0107 d\u0142ugie, melodyjne i zr\u00f3\u017cnicowane d\u017awi\u0119ki, kt\u00f3re od wiek\u00f3w by\u0142y cenione przez hodowc\u00f3w. Istniej\u0105 nawet specjalne rasy kanark\u00f3w \u015bpiewaj\u0105cych, selekcjonowane w\u0142a\u015bnie pod k\u0105tem jako\u015bci i bogactwa g\u0142osu.<\/p>\n\n\n\n<p>Cho\u0107 wielu osobom kanarki kojarz\u0105 si\u0119 wy\u0142\u0105cznie z \u017c\u00f3\u0142tym kolorem, w rzeczywisto\u015bci wyst\u0119puj\u0105 w wielu odmianach barwnych \u2013 od bia\u0142ych, przez pomara\u0144czowe, a\u017c po czerwone i zielonkawe. R\u00f3\u017cnorodno\u015b\u0107 ta jest efektem wieloletniej hodowli i selekcji prowadzonej przez cz\u0142owieka.<\/p>\n\n\n\n<p>Kanarki s\u0105 ptakami stosunkowo \u0142atwymi w utrzymaniu, ale \u2013 jak ka\u017cde zwierz\u0119 \u2013 wymagaj\u0105 odpowiedniej opieki. Potrzebuj\u0105 przestronnej klatki, dost\u0119pu do \u015bwie\u017cej wody oraz dobrze zbilansowanej diety, sk\u0142adaj\u0105cej si\u0119 g\u0142\u00f3wnie z nasion, ale tak\u017ce \u015bwie\u017cych warzyw i owoc\u00f3w. Wa\u017cne jest r\u00f3wnie\u017c zapewnienie im odpowiednich warunk\u00f3w \u015bwietlnych i spokoju, szczeg\u00f3lnie w okresie l\u0119gowym.<\/p>\n\n\n\n<p>W przeciwie\u0144stwie do mewek japo\u0144skich, kanarki nie zawsze s\u0105 tak towarzyskie wobec innych ptak\u00f3w. Cz\u0119sto najlepiej czuj\u0105 si\u0119 pojedynczo lub w dobranych parach, zw\u0142aszcza samce, kt\u00f3re mog\u0105 by\u0107 terytorialne w okresie \u015bpiewu i rozrodu.<\/p>\n\n\n\n<p>Ciekawostk\u0105 jest fakt, \u017ce kanarki by\u0142y kiedy\u015b wykorzystywane w kopalniach jako \u201e\u017cywe detektory\u201d niebezpiecznych gaz\u00f3w. Ich wra\u017cliwo\u015b\u0107 na jako\u015b\u0107 powietrza pozwala\u0142a g\u00f3rnikom szybko zorientowa\u0107 si\u0119 w zagro\u017ceniu. Dzi\u015b na szcz\u0119\u015bcie pe\u0142ni\u0105 ju\u017c tylko rol\u0119 towarzyszy w domach i hodowlach.<\/p>\n\n\n\n<p>Kanarki to idealne po\u0142\u0105czenie pi\u0119kna i muzyki. Ich obecno\u015b\u0107 w domu wprowadza spok\u00f3j, a delikatny \u015bpiew potrafi uprzyjemni\u0107 ka\u017cdy dzie\u0144.<\/p>\n\n\n\n<p><\/p>\n","protected":false},"excerpt":{"rendered":"<p>Kanarki \u2013 mali \u015bpiewacy o wielkim uroku Kanarki od wiek\u00f3w zachwycaj\u0105 ludzi swoim \u015bpiewem i barwnym upierzeniem. Te niewielkie ptaki, pochodz\u0105ce z Wysp Kanaryjskich, szybko zdoby\u0142y popularno\u015b\u0107 w Europie i sta\u0142y si\u0119 jednymi z najcz\u0119\u015bciej hodowanych ptak\u00f3w domowych. Ich nazwa wcale nie jest przypadkowa \u2013 bezpo\u015brednio nawi\u0105zuje do miejsca ich naturalnego wyst\u0119powania. Najwi\u0119kszym atutem kanark\u00f3w &hellip; <a href=\"https:\/\/kupujepapugi.pl\/index.php\/kanarki\/\" class=\"more-link\">Czytaj dalej <span class=\"screen-reader-text\">Kanarki<\/span> <span class=\"meta-nav\">&rarr;<\/span><\/a><\/p>\n","protected":false},"author":1,"featured_media":0,"parent":0,"menu_order":9,"comment_status":"closed","ping_status":"closed","template":"","meta":{"_monsterinsights_skip_tracking":false,"_monsterinsights_sitenote_active":false,"_monsterinsights_sitenote_note":"","_monsterinsights_sitenote_category":0,"footnotes":""},"class_list":["post-40","page","type-page","status-publish","hentry"],"aioseo_notices":[],"jetpack_sharing_enabled":true,"_links":{"self":[{"href":"https:\/\/kupujepapugi.pl\/index.php\/wp-json\/wp\/v2\/pages\/40","targetHints":{"allow":["GET"]}}],"collection":[{"href":"https:\/\/kupujepapugi.pl\/index.php\/wp-json\/wp\/v2\/pages"}],"about":[{"href":"https:\/\/kupujepapugi.pl\/index.php\/wp-json\/wp\/v2\/types\/page"}],"author":[{"embeddable":true,"href":"https:\/\/kupujepapugi.pl\/index.php\/wp-json\/wp\/v2\/users\/1"}],"replies":[{"embeddable":true,"href":"https:\/\/kupujepapugi.pl\/index.php\/wp-json\/wp\/v2\/comments?post=40"}],"version-history":[{"count":5,"href":"https:\/\/kupujepapugi.pl\/index.php\/wp-json\/wp\/v2\/pages\/40\/revisions"}],"predecessor-version":[{"id":95,"href":"https:\/\/kupujepapugi.pl\/index.php\/wp-json\/wp\/v2\/pages\/40\/revisions\/95"}],"wp:attachment":[{"href":"https:\/\/kupujepapugi.pl\/index.php\/wp-json\/wp\/v2\/media?parent=40"}],"curies":[{"name":"wp","href":"https:\/\/api.w.org\/{rel}","templated":true}]}}