{"id":43,"date":"2026-03-18T14:45:11","date_gmt":"2026-03-18T14:45:11","guid":{"rendered":"https:\/\/serwer429348.lh.pl\/autoinstalator\/serwer429348.lh.pl\/wordpress155144\/?page_id=43"},"modified":"2026-03-24T19:39:14","modified_gmt":"2026-03-24T19:39:14","slug":"sprzedaz","status":"publish","type":"page","link":"https:\/\/kupujepapugi.pl\/index.php\/sprzedaz\/","title":{"rendered":"Ptaki"},"content":{"rendered":"\n<p>W tej sekcji strony znajdziesz opisy r\u00f3\u017cnych gatunk\u00f3w ptak\u00f3w ozdobnych, takich jak papugi, kanarki, zeberki, mewki oraz inne ptaki nale\u017c\u0105ce do drobnej egzotyki. Ka\u017cdy opis zawiera najwa\u017cniejsze informacje dotycz\u0105ce wygl\u0105du, charakteru, wymaga\u0144 oraz zasad prawid\u0142owej hodowli.<\/p>\n\n\n\n<p>To miejsce stworzone zar\u00f3wno dla os\u00f3b pocz\u0105tkuj\u0105cych, jak i bardziej do\u015bwiadczonych hodowc\u00f3w, kt\u00f3rzy chc\u0105 poszerzy\u0107 swoj\u0105 wiedz\u0119 i lepiej pozna\u0107 potrzeby poszczeg\u00f3lnych gatunk\u00f3w ptak\u00f3w.<\/p>\n","protected":false},"excerpt":{"rendered":"<p>W tej sekcji strony znajdziesz opisy r\u00f3\u017cnych gatunk\u00f3w ptak\u00f3w ozdobnych, takich jak papugi, kanarki, zeberki, mewki oraz inne ptaki nale\u017c\u0105ce do drobnej egzotyki. Ka\u017cdy opis zawiera najwa\u017cniejsze informacje dotycz\u0105ce wygl\u0105du, charakteru, wymaga\u0144 oraz zasad prawid\u0142owej hodowli. To miejsce stworzone zar\u00f3wno dla os\u00f3b pocz\u0105tkuj\u0105cych, jak i bardziej do\u015bwiadczonych hodowc\u00f3w, kt\u00f3rzy chc\u0105 poszerzy\u0107 swoj\u0105 wiedz\u0119 i lepiej &hellip; <a href=\"https:\/\/kupujepapugi.pl\/index.php\/sprzedaz\/\" class=\"more-link\">Czytaj dalej <span class=\"screen-reader-text\">Ptaki<\/span> <span class=\"meta-nav\">&rarr;<\/span><\/a><\/p>\n","protected":false},"author":1,"featured_media":0,"parent":0,"menu_order":0,"comment_status":"closed","ping_status":"closed","template":"","meta":{"_monsterinsights_skip_tracking":false,"_monsterinsights_sitenote_active":false,"_monsterinsights_sitenote_note":"","_monsterinsights_sitenote_category":0,"footnotes":""},"class_list":["post-43","page","type-page","status-publish","hentry"],"aioseo_notices":[],"jetpack_sharing_enabled":true,"_links":{"self":[{"href":"https:\/\/kupujepapugi.pl\/index.php\/wp-json\/wp\/v2\/pages\/43","targetHints":{"allow":["GET"]}}],"collection":[{"href":"https:\/\/kupujepapugi.pl\/index.php\/wp-json\/wp\/v2\/pages"}],"about":[{"href":"https:\/\/kupujepapugi.pl\/index.php\/wp-json\/wp\/v2\/types\/page"}],"author":[{"embeddable":true,"href":"https:\/\/kupujepapugi.pl\/index.php\/wp-json\/wp\/v2\/users\/1"}],"replies":[{"embeddable":true,"href":"https:\/\/kupujepapugi.pl\/index.php\/wp-json\/wp\/v2\/comments?post=43"}],"version-history":[{"count":3,"href":"https:\/\/kupujepapugi.pl\/index.php\/wp-json\/wp\/v2\/pages\/43\/revisions"}],"predecessor-version":[{"id":106,"href":"https:\/\/kupujepapugi.pl\/index.php\/wp-json\/wp\/v2\/pages\/43\/revisions\/106"}],"wp:attachment":[{"href":"https:\/\/kupujepapugi.pl\/index.php\/wp-json\/wp\/v2\/media?parent=43"}],"curies":[{"name":"wp","href":"https:\/\/api.w.org\/{rel}","templated":true}]}}